{"id":5322,"date":"2024-02-09T13:19:40","date_gmt":"2024-02-09T13:19:40","guid":{"rendered":"https:\/\/solarcircle.es\/detalls-de-problemes-tecnics\/"},"modified":"2024-11-13T11:33:58","modified_gmt":"2024-11-13T11:33:58","slug":"detalls-de-problemes-tecnics","status":"publish","type":"page","link":"https:\/\/solarcircle.es\/ca\/detalls-de-problemes-tecnics\/","title":{"rendered":"Detalls de problemes t\u00e8cnics"},"content":{"rendered":"\t\t<div data-elementor-type=\"wp-page\" data-elementor-id=\"5322\" class=\"elementor elementor-5322 elementor-4233\" data-elementor-post-type=\"page\">\n\t\t\t\t<div class=\"elementor-element elementor-element-8a302cb e-con-full e-flex e-con e-parent\" data-id=\"8a302cb\" data-element_type=\"container\" data-e-type=\"container\" data-settings=\"{&quot;background_background&quot;:&quot;classic&quot;,&quot;jet_parallax_layout_list&quot;:[]}\">\n\t\t\t\t<div class=\"elementor-element elementor-element-15dc562 elementor-widget elementor-widget-image\" data-id=\"15dc562\" data-element_type=\"widget\" data-e-type=\"widget\" data-widget_type=\"image.default\">\n\t\t\t\t<div class=\"elementor-widget-container\">\n\t\t\t\t\t\t\t\t\t\t\t\t\t\t\t<img fetchpriority=\"high\" decoding=\"async\" width=\"800\" height=\"537\" src=\"https:\/\/solarcircle.es\/wp-content\/uploads\/2024\/07\/SolarCircle-bus-met-man-en-zonnepaneel-1024x687.png\" class=\"attachment-large size-large wp-image-3850\" alt=\"\" srcset=\"https:\/\/solarcircle.es\/wp-content\/uploads\/2024\/07\/SolarCircle-bus-met-man-en-zonnepaneel-1024x687.png 1024w, https:\/\/solarcircle.es\/wp-content\/uploads\/2024\/07\/SolarCircle-bus-met-man-en-zonnepaneel-300x201.png 300w, https:\/\/solarcircle.es\/wp-content\/uploads\/2024\/07\/SolarCircle-bus-met-man-en-zonnepaneel-768x515.png 768w, https:\/\/solarcircle.es\/wp-content\/uploads\/2024\/07\/SolarCircle-bus-met-man-en-zonnepaneel-1536x1031.png 1536w, https:\/\/solarcircle.es\/wp-content\/uploads\/2024\/07\/SolarCircle-bus-met-man-en-zonnepaneel-2048x1374.png 2048w\" sizes=\"(max-width: 800px) 100vw, 800px\" \/>\t\t\t\t\t\t\t\t\t\t\t\t\t\t\t<\/div>\n\t\t\t\t<\/div>\n\t\t\t\t<\/div>\n\t\t<div class=\"elementor-element elementor-element-90fd4c9 e-flex e-con-boxed e-con e-parent\" data-id=\"90fd4c9\" data-element_type=\"container\" data-e-type=\"container\" data-settings=\"{&quot;jet_parallax_layout_list&quot;:[]}\">\n\t\t\t\t\t<div class=\"e-con-inner\">\n\t\t<div class=\"elementor-element elementor-element-c67d1aa e-con-full elementor-hidden-tablet elementor-hidden-mobile_extra elementor-hidden-mobile e-flex e-con e-child\" data-id=\"c67d1aa\" data-element_type=\"container\" data-e-type=\"container\" data-settings=\"{&quot;background_background&quot;:&quot;classic&quot;,&quot;jet_parallax_layout_list&quot;:[],&quot;sticky_offset&quot;:100,&quot;sticky_on&quot;:[&quot;widescreen&quot;,&quot;desktop&quot;,&quot;laptop&quot;,&quot;tablet_extra&quot;,&quot;tablet&quot;],&quot;sticky&quot;:&quot;top&quot;,&quot;sticky_parent&quot;:&quot;yes&quot;,&quot;sticky_effects_offset&quot;:200,&quot;sticky_anchor_link_offset&quot;:0}\">\n\t\t<a class=\"elementor-element elementor-element-090f9ff e-flex e-con-boxed e-con e-child\" data-id=\"090f9ff\" data-element_type=\"container\" data-e-type=\"container\" data-settings=\"{&quot;jet_parallax_layout_list&quot;:[]}\" href=\"https:\/\/solarcircle.es\/nl\/service\/\">\n\t\t\t\t\t<div class=\"e-con-inner\">\n\t\t\t\t<div class=\"elementor-element elementor-element-ca0ba82 elementor-widget elementor-widget-image\" data-id=\"ca0ba82\" data-element_type=\"widget\" data-e-type=\"widget\" data-widget_type=\"image.default\">\n\t\t\t\t<div class=\"elementor-widget-container\">\n\t\t\t\t\t\t\t\t\t\t\t\t\t\t\t<img decoding=\"async\" width=\"24\" height=\"24\" src=\"https:\/\/solarcircle.es\/wp-content\/uploads\/2024\/01\/arrow-left.svg\" class=\"attachment-large size-large wp-image-3068\" alt=\"\" \/>\t\t\t\t\t\t\t\t\t\t\t\t\t\t\t<\/div>\n\t\t\t\t<\/div>\n\t\t\t\t<div class=\"elementor-element elementor-element-affb74d elementor-widget elementor-widget-text-editor\" data-id=\"affb74d\" data-element_type=\"widget\" data-e-type=\"widget\" data-widget_type=\"text-editor.default\">\n\t\t\t\t<div class=\"elementor-widget-container\">\n\t\t\t\t\t\t\t\t\t<p>Tornar enrere a servei<\/p>\n\t\t\t\t\t\t\t\t<\/div>\n\t\t\t\t<\/div>\n\t\t\t\t\t<\/div>\n\t\t\t\t<\/a>\n\t\t\t\t<div class=\"elementor-element elementor-element-0c478ff elementor-widget-divider--view-line elementor-widget elementor-widget-divider\" data-id=\"0c478ff\" data-element_type=\"widget\" data-e-type=\"widget\" data-widget_type=\"divider.default\">\n\t\t\t\t<div class=\"elementor-widget-container\">\n\t\t\t\t\t\t\t<div class=\"elementor-divider\">\n\t\t\t<span class=\"elementor-divider-separator\">\n\t\t\t\t\t\t<\/span>\n\t\t<\/div>\n\t\t\t\t\t\t<\/div>\n\t\t\t\t<\/div>\n\t\t\t\t<div class=\"elementor-element elementor-element-f9ea558 elementor-widget elementor-widget-text-editor\" data-id=\"f9ea558\" data-element_type=\"widget\" data-e-type=\"widget\" data-widget_type=\"text-editor.default\">\n\t\t\t\t<div class=\"elementor-widget-container\">\n\t\t\t\t\t\t\t\t\t<p>Avaria<\/p>\n\t\t\t\t\t\t\t\t<\/div>\n\t\t\t\t<\/div>\n\t\t\t\t<div class=\"elementor-element elementor-element-7627460 elementor-widget elementor-widget-text-editor\" data-id=\"7627460\" data-element_type=\"widget\" data-e-type=\"widget\" data-widget_type=\"text-editor.default\">\n\t\t\t\t<div class=\"elementor-widget-container\">\n\t\t\t\t\t\t\t\t\t<p><a href=\"https:\/\/solarcircle.es\/detalles-de-monitoreo\/\">Monitoratge<\/a><\/p>\n\t\t\t\t\t\t\t\t<\/div>\n\t\t\t\t<\/div>\n\t\t\t\t<div class=\"elementor-element elementor-element-45a27ba elementor-hidden-widescreen elementor-hidden-desktop elementor-hidden-laptop elementor-hidden-tablet_extra elementor-hidden-tablet elementor-hidden-mobile_extra elementor-hidden-mobile elementor-widget elementor-widget-text-editor\" data-id=\"45a27ba\" data-element_type=\"widget\" data-e-type=\"widget\" data-widget_type=\"text-editor.default\">\n\t\t\t\t<div class=\"elementor-widget-container\">\n\t\t\t\t\t\t\t\t\t<p><a href=\"https:\/\/solarcircle.es\/detalles-de-la-aplicacion-zekerzon\/\">La meva app SolarCircle<\/a><\/p>\n\t\t\t\t\t\t\t\t<\/div>\n\t\t\t\t<\/div>\n\t\t\t\t<div class=\"elementor-element elementor-element-5891b33 elementor-widget elementor-widget-text-editor\" data-id=\"5891b33\" data-element_type=\"widget\" data-e-type=\"widget\" data-widget_type=\"text-editor.default\">\n\t\t\t\t<div class=\"elementor-widget-container\">\n\t\t\t\t\t\t\t\t\t<p><a href=\"https:\/\/solarcircle.es\/detalles-de-rendimiento-y-mantenimiento\/\">Rendibilitat i manteniment<\/a><\/p>\n\t\t\t\t\t\t\t\t<\/div>\n\t\t\t\t<\/div>\n\t\t\t\t<div class=\"elementor-element elementor-element-5ca21e5 elementor-widget elementor-widget-text-editor\" data-id=\"5ca21e5\" data-element_type=\"widget\" data-e-type=\"widget\" data-widget_type=\"text-editor.default\">\n\t\t\t\t<div class=\"elementor-widget-container\">\n\t\t\t\t\t\t\t\t\t<p>No trobes la teva pregunta o problema a la llista?<\/p>\n\t\t\t\t\t\t\t\t<\/div>\n\t\t\t\t<\/div>\n\t\t\t\t<div class=\"elementor-element elementor-element-99af72f elementor-widget elementor-widget-button\" data-id=\"99af72f\" data-element_type=\"widget\" data-e-type=\"widget\" data-widget_type=\"button.default\">\n\t\t\t\t<div class=\"elementor-widget-container\">\n\t\t\t\t\t\t\t\t\t<div class=\"elementor-button-wrapper\">\n\t\t\t\t\t<a class=\"elementor-button elementor-button-link elementor-size-sm\" href=\"https:\/\/solarcircle.es\/ca\/contacte\/\" target=\"_blank\">\n\t\t\t\t\t\t<span class=\"elementor-button-content-wrapper\">\n\t\t\t\t\t\t<span class=\"elementor-button-icon\">\n\t\t\t\t<svg xmlns=\"http:\/\/www.w3.org\/2000\/svg\" width=\"24\" height=\"24\" viewBox=\"0 0 24 24\" fill=\"none\"><path d=\"M2 12L22 12\" stroke=\"#1F1F1F\" stroke-width=\"2.5\" stroke-linecap=\"round\" stroke-linejoin=\"round\"><\/path><path d=\"M15 5L22 12L15 19\" stroke=\"#1F1F1F\" stroke-width=\"2.5\" stroke-linecap=\"round\" stroke-linejoin=\"round\"><\/path><\/svg>\t\t\t<\/span>\n\t\t\t\t\t\t\t\t\t<span class=\"elementor-button-text\">Anar a contacte<\/span>\n\t\t\t\t\t<\/span>\n\t\t\t\t\t<\/a>\n\t\t\t\t<\/div>\n\t\t\t\t\t\t\t\t<\/div>\n\t\t\t\t<\/div>\n\t\t\t\t<\/div>\n\t\t<div class=\"elementor-element elementor-element-8afd1ae e-flex e-con-boxed e-con e-child\" data-id=\"8afd1ae\" data-element_type=\"container\" data-e-type=\"container\" data-settings=\"{&quot;jet_parallax_layout_list&quot;:[]}\">\n\t\t\t\t\t<div class=\"e-con-inner\">\n\t\t\t\t<div class=\"elementor-element elementor-element-8d76704 elementor-widget elementor-widget-text-editor\" data-id=\"8d76704\" data-element_type=\"widget\" data-e-type=\"widget\" data-widget_type=\"text-editor.default\">\n\t\t\t\t<div class=\"elementor-widget-container\">\n\t\t\t\t\t\t\t\t\t<p>Avaria<\/p>\n\t\t\t\t\t\t\t\t<\/div>\n\t\t\t\t<\/div>\n\t\t\t\t<div class=\"elementor-element elementor-element-f3d49bc elementor-widget elementor-widget-accordion\" data-id=\"f3d49bc\" data-element_type=\"widget\" data-e-type=\"widget\" id=\"faq-accordion\" data-widget_type=\"accordion.default\">\n\t\t\t\t<div class=\"elementor-widget-container\">\n\t\t\t\t\t\t\t<div class=\"elementor-accordion\">\n\t\t\t\t\t\t\t<div class=\"elementor-accordion-item\">\n\t\t\t\t\t<div id=\"elementor-tab-title-2551\" class=\"elementor-tab-title\" data-tab=\"1\" role=\"button\" aria-controls=\"elementor-tab-content-2551\" aria-expanded=\"false\">\n\t\t\t\t\t\t\t\t\t\t\t\t\t<span class=\"elementor-accordion-icon elementor-accordion-icon-right\" aria-hidden=\"true\">\n\t\t\t\t\t\t\t\t\t\t\t\t\t\t\t<span class=\"elementor-accordion-icon-closed\"><svg xmlns=\"http:\/\/www.w3.org\/2000\/svg\" width=\"24\" height=\"25\" viewBox=\"0 0 24 25\" fill=\"none\"><path d=\"M12 22.4551C17.5228 22.4551 22 17.9779 22 12.4551C22 6.93223 17.5228 2.45508 12 2.45508C6.47715 2.45508 2 6.93223 2 12.4551C2 17.9779 6.47715 22.4551 12 22.4551Z\" stroke=\"#1F1F1F\" stroke-width=\"2\" stroke-linecap=\"round\" stroke-linejoin=\"round\"><\/path><path d=\"M12 8.45508V16.4551\" stroke=\"#1F1F1F\" stroke-width=\"2\" stroke-linecap=\"round\" stroke-linejoin=\"round\"><\/path><path d=\"M8 12.4551H16\" stroke=\"#1F1F1F\" stroke-width=\"2\" stroke-linecap=\"round\" stroke-linejoin=\"round\"><\/path><\/svg><\/span>\n\t\t\t\t\t\t\t\t<span class=\"elementor-accordion-icon-opened\"><svg xmlns=\"http:\/\/www.w3.org\/2000\/svg\" width=\"24\" height=\"25\" viewBox=\"0 0 24 25\" fill=\"none\"><path d=\"M12 22.4551C17.5228 22.4551 22 17.9779 22 12.4551C22 6.93223 17.5228 2.45508 12 2.45508C6.47715 2.45508 2 6.93223 2 12.4551C2 17.9779 6.47715 22.4551 12 22.4551Z\" stroke=\"#1F1F1F\" stroke-width=\"2\" stroke-linecap=\"round\" stroke-linejoin=\"round\"><\/path><path d=\"M8 12.4551H16\" stroke=\"#1F1F1F\" stroke-width=\"2\" stroke-linecap=\"round\" stroke-linejoin=\"round\"><\/path><\/svg><\/span>\n\t\t\t\t\t\t\t\t\t\t\t\t\t\t<\/span>\n\t\t\t\t\t\t\t\t\t\t\t\t<a class=\"elementor-accordion-title\" tabindex=\"0\">Qu\u00e8 signifiquen els llums del meu inversor?<\/a>\n\t\t\t\t\t<\/div>\n\t\t\t\t\t<div id=\"elementor-tab-content-2551\" class=\"elementor-tab-content elementor-clearfix\" data-tab=\"1\" role=\"region\" aria-labelledby=\"elementor-tab-title-2551\"><p>A gaireb\u00e9 tots els inversors de SMA hi ha tres llums LED: un de verd, un de blau i un de vermell. A continuaci\u00f3 trobar\u00e0s el significat dels tres llums.  <\/p>\n<p>Llum LED verd: Aquest llum indica si el dispositiu est\u00e0 produint energia, cosa que significa que est\u00e0 funcionant correctament. Si el llum roman enc\u00e8s de manera cont\u00ednua o parpelleja, el dispositiu est\u00e0 generant energia. Si el llum s&#8217;apaga, indica que no s&#8217;est\u00e0 produint energia, com succeeix durant la nit. No obstant aix\u00f2, si el llum est\u00e0 apagat i els panells reben suficient sol, pot assenyalar un problema. En aquest cas, si us plau, contacta&#8217;ns.     <\/p>\n<p>Llum LED blau: indica l&#8217;estat de la connexi\u00f3 a Internet de l&#8217;inversor. Aquest llum est\u00e0 enc\u00e8s constantment? Aix\u00f2 vol dir que l&#8217;inversor est\u00e0 connectat al r\u00fater i t\u00e9 Internet. Parpelleja? Aix\u00f2 vol dir que s&#8217;est\u00e0 establint la connexi\u00f3 amb el r\u00fater. Llum LED vermell: indica que hi ha hagut un error.      <\/p>\n<\/div>\n\t\t\t\t<\/div>\n\t\t\t\t\t\t\t<div class=\"elementor-accordion-item\">\n\t\t\t\t\t<div id=\"elementor-tab-title-2552\" class=\"elementor-tab-title\" data-tab=\"2\" role=\"button\" aria-controls=\"elementor-tab-content-2552\" aria-expanded=\"false\">\n\t\t\t\t\t\t\t\t\t\t\t\t\t<span class=\"elementor-accordion-icon elementor-accordion-icon-right\" aria-hidden=\"true\">\n\t\t\t\t\t\t\t\t\t\t\t\t\t\t\t<span class=\"elementor-accordion-icon-closed\"><svg xmlns=\"http:\/\/www.w3.org\/2000\/svg\" width=\"24\" height=\"25\" viewBox=\"0 0 24 25\" fill=\"none\"><path d=\"M12 22.4551C17.5228 22.4551 22 17.9779 22 12.4551C22 6.93223 17.5228 2.45508 12 2.45508C6.47715 2.45508 2 6.93223 2 12.4551C2 17.9779 6.47715 22.4551 12 22.4551Z\" stroke=\"#1F1F1F\" stroke-width=\"2\" stroke-linecap=\"round\" stroke-linejoin=\"round\"><\/path><path d=\"M12 8.45508V16.4551\" stroke=\"#1F1F1F\" stroke-width=\"2\" stroke-linecap=\"round\" stroke-linejoin=\"round\"><\/path><path d=\"M8 12.4551H16\" stroke=\"#1F1F1F\" stroke-width=\"2\" stroke-linecap=\"round\" stroke-linejoin=\"round\"><\/path><\/svg><\/span>\n\t\t\t\t\t\t\t\t<span class=\"elementor-accordion-icon-opened\"><svg xmlns=\"http:\/\/www.w3.org\/2000\/svg\" width=\"24\" height=\"25\" viewBox=\"0 0 24 25\" fill=\"none\"><path d=\"M12 22.4551C17.5228 22.4551 22 17.9779 22 12.4551C22 6.93223 17.5228 2.45508 12 2.45508C6.47715 2.45508 2 6.93223 2 12.4551C2 17.9779 6.47715 22.4551 12 22.4551Z\" stroke=\"#1F1F1F\" stroke-width=\"2\" stroke-linecap=\"round\" stroke-linejoin=\"round\"><\/path><path d=\"M8 12.4551H16\" stroke=\"#1F1F1F\" stroke-width=\"2\" stroke-linecap=\"round\" stroke-linejoin=\"round\"><\/path><\/svg><\/span>\n\t\t\t\t\t\t\t\t\t\t\t\t\t\t<\/span>\n\t\t\t\t\t\t\t\t\t\t\t\t<a class=\"elementor-accordion-title\" tabindex=\"0\">Com puc obtenir assist\u00e8ncia en cas d'avaria?<\/a>\n\t\t\t\t\t<\/div>\n\t\t\t\t\t<div id=\"elementor-tab-content-2552\" class=\"elementor-tab-content elementor-clearfix\" data-tab=\"2\" role=\"region\" aria-labelledby=\"elementor-tab-title-2552\"><p>Posa&#8217;t en contacte amb el nostre departament de servei al client.<\/p>\n<p>Correu electr\u00f2nic: <strong><a href=\"mailto:info@solarcircle.es\">info@solarcircle.es<\/a><\/strong><\/p>\n<\/div>\n\t\t\t\t<\/div>\n\t\t\t\t\t\t\t\t\t\t<script type=\"application\/ld+json\">{\"@context\":\"https:\\\/\\\/schema.org\",\"@type\":\"FAQPage\",\"mainEntity\":[{\"@type\":\"Question\",\"name\":\"Qu\\u00e8 signifiquen els llums del meu inversor?\",\"acceptedAnswer\":{\"@type\":\"Answer\",\"text\":\"<p>A gaireb\\u00e9 tots els inversors de SMA hi ha tres llums LED: un de verd, un de blau i un de vermell. A continuaci\\u00f3 trobar\\u00e0s el significat dels tres llums.  <\\\/p>\\n<p>Llum LED verd: Aquest llum indica si el dispositiu est\\u00e0 produint energia, cosa que significa que est\\u00e0 funcionant correctament. Si el llum roman enc\\u00e8s de manera cont\\u00ednua o parpelleja, el dispositiu est\\u00e0 generant energia. Si el llum s&#8217;apaga, indica que no s&#8217;est\\u00e0 produint energia, com succeeix durant la nit. No obstant aix\\u00f2, si el llum est\\u00e0 apagat i els panells reben suficient sol, pot assenyalar un problema. En aquest cas, si us plau, contacta&#8217;ns.     <\\\/p>\\n<p>Llum LED blau: indica l&#8217;estat de la connexi\\u00f3 a Internet de l&#8217;inversor. Aquest llum est\\u00e0 enc\\u00e8s constantment? Aix\\u00f2 vol dir que l&#8217;inversor est\\u00e0 connectat al r\\u00fater i t\\u00e9 Internet. Parpelleja? Aix\\u00f2 vol dir que s&#8217;est\\u00e0 establint la connexi\\u00f3 amb el r\\u00fater. Llum LED vermell: indica que hi ha hagut un error.      <\\\/p>\\n\"}},{\"@type\":\"Question\",\"name\":\"Com puc obtenir assist\\u00e8ncia en cas d'avaria?\",\"acceptedAnswer\":{\"@type\":\"Answer\",\"text\":\"<p>Posa&#8217;t en contacte amb el nostre departament de servei al client.<\\\/p>\\n<p>Correu electr\\u00f2nic: <strong><a href=\\\"mailto:info@solarcircle.es\\\">info@solarcircle.es<\\\/a><\\\/strong><\\\/p>\\n\"}}]}<\/script>\n\t\t\t\t\t<\/div>\n\t\t\t\t\t\t<\/div>\n\t\t\t\t<\/div>\n\t\t\t\t\t<\/div>\n\t\t\t\t<\/div>\n\t\t\t\t\t<\/div>\n\t\t\t\t<\/div>\n\t\t\t\t<\/div>\n\t\t","protected":false},"excerpt":{"rendered":"<p>Tornar enrere a servei Avaria Monitoratge La meva app SolarCircle Rendibilitat i manteniment No trobes la teva pregunta o problema a la llista? Anar a contacte Avaria Qu\u00e8 signifiquen els llums del meu inversor? A gaireb\u00e9 tots els inversors de SMA hi ha tres llums LED: un de verd, un de blau i un de [&hellip;]<\/p>\n","protected":false},"author":1,"featured_media":0,"parent":0,"menu_order":0,"comment_status":"closed","ping_status":"closed","template":"elementor_header_footer","meta":{"footnotes":""},"class_list":["post-5322","page","type-page","status-publish","hentry"],"yoast_head":"<!-- This site is optimized with the Yoast SEO plugin v27.4 - https:\/\/yoast.com\/product\/yoast-seo-wordpress\/ -->\n<title>Detalls de problemes t\u00e8cnics - Solar Circle<\/title>\n<meta name=\"robots\" content=\"index, follow, max-snippet:-1, max-image-preview:large, max-video-preview:-1\" \/>\n<link rel=\"canonical\" href=\"https:\/\/solarcircle.es\/ca\/detalls-de-problemes-tecnics\/\" \/>\n<meta property=\"og:locale\" content=\"ca_ES\" \/>\n<meta property=\"og:type\" content=\"article\" \/>\n<meta property=\"og:title\" content=\"Detalls de problemes t\u00e8cnics - Solar Circle\" \/>\n<meta property=\"og:description\" content=\"Tornar enrere a servei Avaria Monitoratge La meva app SolarCircle Rendibilitat i manteniment No trobes la teva pregunta o problema a la llista? Anar a contacte Avaria Qu\u00e8 signifiquen els llums del meu inversor? A gaireb\u00e9 tots els inversors de SMA hi ha tres llums LED: un de verd, un de blau i un de [&hellip;]\" \/>\n<meta property=\"og:url\" content=\"https:\/\/solarcircle.es\/ca\/detalls-de-problemes-tecnics\/\" \/>\n<meta property=\"og:site_name\" content=\"Solar Circle\" \/>\n<meta property=\"article:modified_time\" content=\"2024-11-13T11:33:58+00:00\" \/>\n<meta property=\"og:image\" content=\"https:\/\/solarcircle.es\/wp-content\/uploads\/2024\/07\/SolarCircle-bus-met-man-en-zonnepaneel-1024x687.png\" \/>\n\t<meta property=\"og:image:width\" content=\"1024\" \/>\n\t<meta property=\"og:image:height\" content=\"687\" \/>\n\t<meta property=\"og:image:type\" content=\"image\/png\" \/>\n<meta name=\"twitter:card\" content=\"summary_large_image\" \/>\n<meta name=\"twitter:label1\" content=\"Temps estimat de lectura\" \/>\n\t<meta name=\"twitter:data1\" content=\"1 minut\" \/>\n<script type=\"application\/ld+json\" class=\"yoast-schema-graph\">{\"@context\":\"https:\\\/\\\/schema.org\",\"@graph\":[{\"@type\":\"WebPage\",\"@id\":\"https:\\\/\\\/solarcircle.es\\\/ca\\\/detalls-de-problemes-tecnics\\\/\",\"url\":\"https:\\\/\\\/solarcircle.es\\\/ca\\\/detalls-de-problemes-tecnics\\\/\",\"name\":\"Detalls de problemes t\u00e8cnics - Solar Circle\",\"isPartOf\":{\"@id\":\"https:\\\/\\\/solarcircle.es\\\/#website\"},\"primaryImageOfPage\":{\"@id\":\"https:\\\/\\\/solarcircle.es\\\/ca\\\/detalls-de-problemes-tecnics\\\/#primaryimage\"},\"image\":{\"@id\":\"https:\\\/\\\/solarcircle.es\\\/ca\\\/detalls-de-problemes-tecnics\\\/#primaryimage\"},\"thumbnailUrl\":\"https:\\\/\\\/solarcircle.es\\\/wp-content\\\/uploads\\\/2024\\\/07\\\/SolarCircle-bus-met-man-en-zonnepaneel-1024x687.png\",\"datePublished\":\"2024-02-09T13:19:40+00:00\",\"dateModified\":\"2024-11-13T11:33:58+00:00\",\"breadcrumb\":{\"@id\":\"https:\\\/\\\/solarcircle.es\\\/ca\\\/detalls-de-problemes-tecnics\\\/#breadcrumb\"},\"inLanguage\":\"ca\",\"potentialAction\":[{\"@type\":\"ReadAction\",\"target\":[\"https:\\\/\\\/solarcircle.es\\\/ca\\\/detalls-de-problemes-tecnics\\\/\"]}]},{\"@type\":\"ImageObject\",\"inLanguage\":\"ca\",\"@id\":\"https:\\\/\\\/solarcircle.es\\\/ca\\\/detalls-de-problemes-tecnics\\\/#primaryimage\",\"url\":\"https:\\\/\\\/solarcircle.es\\\/wp-content\\\/uploads\\\/2024\\\/07\\\/SolarCircle-bus-met-man-en-zonnepaneel-1024x687.png\",\"contentUrl\":\"https:\\\/\\\/solarcircle.es\\\/wp-content\\\/uploads\\\/2024\\\/07\\\/SolarCircle-bus-met-man-en-zonnepaneel-1024x687.png\"},{\"@type\":\"BreadcrumbList\",\"@id\":\"https:\\\/\\\/solarcircle.es\\\/ca\\\/detalls-de-problemes-tecnics\\\/#breadcrumb\",\"itemListElement\":[{\"@type\":\"ListItem\",\"position\":1,\"name\":\"Home\",\"item\":\"https:\\\/\\\/solarcircle.es\\\/ca\\\/pagina-dinici\\\/\"},{\"@type\":\"ListItem\",\"position\":2,\"name\":\"Detalls de problemes t\u00e8cnics\"}]},{\"@type\":\"WebSite\",\"@id\":\"https:\\\/\\\/solarcircle.es\\\/#website\",\"url\":\"https:\\\/\\\/solarcircle.es\\\/\",\"name\":\"Solar Circle\",\"description\":\"Estalvia de manera r\u00e0pida i senzilla amb panells solars\",\"publisher\":{\"@id\":\"https:\\\/\\\/solarcircle.es\\\/#organization\"},\"potentialAction\":[{\"@type\":\"SearchAction\",\"target\":{\"@type\":\"EntryPoint\",\"urlTemplate\":\"https:\\\/\\\/solarcircle.es\\\/?s={search_term_string}\"},\"query-input\":{\"@type\":\"PropertyValueSpecification\",\"valueRequired\":true,\"valueName\":\"search_term_string\"}}],\"inLanguage\":\"ca\"},{\"@type\":\"Organization\",\"@id\":\"https:\\\/\\\/solarcircle.es\\\/#organization\",\"name\":\"Solar Circle\",\"url\":\"https:\\\/\\\/solarcircle.es\\\/\",\"logo\":{\"@type\":\"ImageObject\",\"inLanguage\":\"ca\",\"@id\":\"https:\\\/\\\/solarcircle.es\\\/#\\\/schema\\\/logo\\\/image\\\/\",\"url\":\"https:\\\/\\\/solarcircle.es\\\/wp-content\\\/uploads\\\/2024\\\/01\\\/SolarCircle-Logo-donker.svg\",\"contentUrl\":\"https:\\\/\\\/solarcircle.es\\\/wp-content\\\/uploads\\\/2024\\\/01\\\/SolarCircle-Logo-donker.svg\",\"width\":289,\"height\":155,\"caption\":\"Solar Circle\"},\"image\":{\"@id\":\"https:\\\/\\\/solarcircle.es\\\/#\\\/schema\\\/logo\\\/image\\\/\"}}]}<\/script>\n<!-- \/ Yoast SEO plugin. -->","yoast_head_json":{"title":"Detalls de problemes t\u00e8cnics - Solar Circle","robots":{"index":"index","follow":"follow","max-snippet":"max-snippet:-1","max-image-preview":"max-image-preview:large","max-video-preview":"max-video-preview:-1"},"canonical":"https:\/\/solarcircle.es\/ca\/detalls-de-problemes-tecnics\/","og_locale":"ca_ES","og_type":"article","og_title":"Detalls de problemes t\u00e8cnics - Solar Circle","og_description":"Tornar enrere a servei Avaria Monitoratge La meva app SolarCircle Rendibilitat i manteniment No trobes la teva pregunta o problema a la llista? Anar a contacte Avaria Qu\u00e8 signifiquen els llums del meu inversor? A gaireb\u00e9 tots els inversors de SMA hi ha tres llums LED: un de verd, un de blau i un de [&hellip;]","og_url":"https:\/\/solarcircle.es\/ca\/detalls-de-problemes-tecnics\/","og_site_name":"Solar Circle","article_modified_time":"2024-11-13T11:33:58+00:00","og_image":[{"width":1024,"height":687,"url":"https:\/\/solarcircle.es\/wp-content\/uploads\/2024\/07\/SolarCircle-bus-met-man-en-zonnepaneel-1024x687.png","type":"image\/png"}],"twitter_card":"summary_large_image","twitter_misc":{"Temps estimat de lectura":"1 minut"},"schema":{"@context":"https:\/\/schema.org","@graph":[{"@type":"WebPage","@id":"https:\/\/solarcircle.es\/ca\/detalls-de-problemes-tecnics\/","url":"https:\/\/solarcircle.es\/ca\/detalls-de-problemes-tecnics\/","name":"Detalls de problemes t\u00e8cnics - Solar Circle","isPartOf":{"@id":"https:\/\/solarcircle.es\/#website"},"primaryImageOfPage":{"@id":"https:\/\/solarcircle.es\/ca\/detalls-de-problemes-tecnics\/#primaryimage"},"image":{"@id":"https:\/\/solarcircle.es\/ca\/detalls-de-problemes-tecnics\/#primaryimage"},"thumbnailUrl":"https:\/\/solarcircle.es\/wp-content\/uploads\/2024\/07\/SolarCircle-bus-met-man-en-zonnepaneel-1024x687.png","datePublished":"2024-02-09T13:19:40+00:00","dateModified":"2024-11-13T11:33:58+00:00","breadcrumb":{"@id":"https:\/\/solarcircle.es\/ca\/detalls-de-problemes-tecnics\/#breadcrumb"},"inLanguage":"ca","potentialAction":[{"@type":"ReadAction","target":["https:\/\/solarcircle.es\/ca\/detalls-de-problemes-tecnics\/"]}]},{"@type":"ImageObject","inLanguage":"ca","@id":"https:\/\/solarcircle.es\/ca\/detalls-de-problemes-tecnics\/#primaryimage","url":"https:\/\/solarcircle.es\/wp-content\/uploads\/2024\/07\/SolarCircle-bus-met-man-en-zonnepaneel-1024x687.png","contentUrl":"https:\/\/solarcircle.es\/wp-content\/uploads\/2024\/07\/SolarCircle-bus-met-man-en-zonnepaneel-1024x687.png"},{"@type":"BreadcrumbList","@id":"https:\/\/solarcircle.es\/ca\/detalls-de-problemes-tecnics\/#breadcrumb","itemListElement":[{"@type":"ListItem","position":1,"name":"Home","item":"https:\/\/solarcircle.es\/ca\/pagina-dinici\/"},{"@type":"ListItem","position":2,"name":"Detalls de problemes t\u00e8cnics"}]},{"@type":"WebSite","@id":"https:\/\/solarcircle.es\/#website","url":"https:\/\/solarcircle.es\/","name":"Solar Circle","description":"Estalvia de manera r\u00e0pida i senzilla amb panells solars","publisher":{"@id":"https:\/\/solarcircle.es\/#organization"},"potentialAction":[{"@type":"SearchAction","target":{"@type":"EntryPoint","urlTemplate":"https:\/\/solarcircle.es\/?s={search_term_string}"},"query-input":{"@type":"PropertyValueSpecification","valueRequired":true,"valueName":"search_term_string"}}],"inLanguage":"ca"},{"@type":"Organization","@id":"https:\/\/solarcircle.es\/#organization","name":"Solar Circle","url":"https:\/\/solarcircle.es\/","logo":{"@type":"ImageObject","inLanguage":"ca","@id":"https:\/\/solarcircle.es\/#\/schema\/logo\/image\/","url":"https:\/\/solarcircle.es\/wp-content\/uploads\/2024\/01\/SolarCircle-Logo-donker.svg","contentUrl":"https:\/\/solarcircle.es\/wp-content\/uploads\/2024\/01\/SolarCircle-Logo-donker.svg","width":289,"height":155,"caption":"Solar Circle"},"image":{"@id":"https:\/\/solarcircle.es\/#\/schema\/logo\/image\/"}}]}},"_links":{"self":[{"href":"https:\/\/solarcircle.es\/ca\/wp-json\/wp\/v2\/pages\/5322","targetHints":{"allow":["GET"]}}],"collection":[{"href":"https:\/\/solarcircle.es\/ca\/wp-json\/wp\/v2\/pages"}],"about":[{"href":"https:\/\/solarcircle.es\/ca\/wp-json\/wp\/v2\/types\/page"}],"author":[{"embeddable":true,"href":"https:\/\/solarcircle.es\/ca\/wp-json\/wp\/v2\/users\/1"}],"replies":[{"embeddable":true,"href":"https:\/\/solarcircle.es\/ca\/wp-json\/wp\/v2\/comments?post=5322"}],"version-history":[{"count":3,"href":"https:\/\/solarcircle.es\/ca\/wp-json\/wp\/v2\/pages\/5322\/revisions"}],"predecessor-version":[{"id":5368,"href":"https:\/\/solarcircle.es\/ca\/wp-json\/wp\/v2\/pages\/5322\/revisions\/5368"}],"wp:attachment":[{"href":"https:\/\/solarcircle.es\/ca\/wp-json\/wp\/v2\/media?parent=5322"}],"curies":[{"name":"wp","href":"https:\/\/api.w.org\/{rel}","templated":true}]}}