{"id":5318,"date":"2024-02-09T13:20:39","date_gmt":"2024-02-09T13:20:39","guid":{"rendered":"https:\/\/solarcircle.es\/detalls-de-laplicacio-zekerzon\/"},"modified":"2024-11-13T10:53:33","modified_gmt":"2024-11-13T10:53:33","slug":"detalls-de-laplicacio-zekerzon","status":"publish","type":"page","link":"https:\/\/solarcircle.es\/ca\/detalls-de-laplicacio-zekerzon\/","title":{"rendered":"Detalls de l&#8217;aplicaci\u00f3 Zekerzon"},"content":{"rendered":"\t\t<div data-elementor-type=\"wp-page\" data-elementor-id=\"5318\" class=\"elementor elementor-5318 elementor-4229\" data-elementor-post-type=\"page\">\n\t\t\t\t<div class=\"elementor-element elementor-element-8a302cb e-con-full e-flex e-con e-parent\" data-id=\"8a302cb\" data-element_type=\"container\" data-e-type=\"container\" data-settings=\"{&quot;background_background&quot;:&quot;classic&quot;,&quot;jet_parallax_layout_list&quot;:[]}\">\n\t\t\t\t<div class=\"elementor-element elementor-element-15dc562 elementor-widget elementor-widget-image\" data-id=\"15dc562\" data-element_type=\"widget\" data-e-type=\"widget\" data-widget_type=\"image.default\">\n\t\t\t\t<div class=\"elementor-widget-container\">\n\t\t\t\t\t\t\t\t\t\t\t\t\t\t\t<img fetchpriority=\"high\" decoding=\"async\" width=\"800\" height=\"534\" src=\"https:\/\/solarcircle.es\/wp-content\/uploads\/2024\/01\/Future-Ready-Design-Day-1-Low-Res-1-1024x683.jpg\" class=\"attachment-large size-large wp-image-2972\" alt=\"\" srcset=\"https:\/\/solarcircle.es\/wp-content\/uploads\/2024\/01\/Future-Ready-Design-Day-1-Low-Res-1-1024x683.jpg 1024w, https:\/\/solarcircle.es\/wp-content\/uploads\/2024\/01\/Future-Ready-Design-Day-1-Low-Res-1-300x200.jpg 300w, https:\/\/solarcircle.es\/wp-content\/uploads\/2024\/01\/Future-Ready-Design-Day-1-Low-Res-1-768x512.jpg 768w, https:\/\/solarcircle.es\/wp-content\/uploads\/2024\/01\/Future-Ready-Design-Day-1-Low-Res-1-1536x1024.jpg 1536w, https:\/\/solarcircle.es\/wp-content\/uploads\/2024\/01\/Future-Ready-Design-Day-1-Low-Res-1.jpg 1800w\" sizes=\"(max-width: 800px) 100vw, 800px\" \/>\t\t\t\t\t\t\t\t\t\t\t\t\t\t\t<\/div>\n\t\t\t\t<\/div>\n\t\t\t\t<\/div>\n\t\t<div class=\"elementor-element elementor-element-90fd4c9 e-flex e-con-boxed e-con e-parent\" data-id=\"90fd4c9\" data-element_type=\"container\" data-e-type=\"container\" data-settings=\"{&quot;jet_parallax_layout_list&quot;:[]}\">\n\t\t\t\t\t<div class=\"e-con-inner\">\n\t\t<div class=\"elementor-element elementor-element-c67d1aa e-con-full elementor-hidden-tablet elementor-hidden-mobile_extra elementor-hidden-mobile e-flex e-con e-child\" data-id=\"c67d1aa\" data-element_type=\"container\" data-e-type=\"container\" data-settings=\"{&quot;background_background&quot;:&quot;classic&quot;,&quot;jet_parallax_layout_list&quot;:[],&quot;sticky_offset&quot;:100,&quot;sticky_on&quot;:[&quot;widescreen&quot;,&quot;desktop&quot;,&quot;laptop&quot;,&quot;tablet_extra&quot;,&quot;tablet&quot;],&quot;sticky&quot;:&quot;top&quot;,&quot;sticky_parent&quot;:&quot;yes&quot;,&quot;sticky_effects_offset&quot;:0,&quot;sticky_anchor_link_offset&quot;:0}\">\n\t\t<a class=\"elementor-element elementor-element-090f9ff e-flex e-con-boxed e-con e-child\" data-id=\"090f9ff\" data-element_type=\"container\" data-e-type=\"container\" data-settings=\"{&quot;jet_parallax_layout_list&quot;:[]}\" href=\"https:\/\/solarcircle.es\/nl\/service\/\">\n\t\t\t\t\t<div class=\"e-con-inner\">\n\t\t\t\t<div class=\"elementor-element elementor-element-ca0ba82 elementor-widget elementor-widget-image\" data-id=\"ca0ba82\" data-element_type=\"widget\" data-e-type=\"widget\" data-widget_type=\"image.default\">\n\t\t\t\t<div class=\"elementor-widget-container\">\n\t\t\t\t\t\t\t\t\t\t\t\t\t\t\t<img decoding=\"async\" width=\"24\" height=\"24\" src=\"https:\/\/solarcircle.es\/wp-content\/uploads\/2024\/01\/arrow-left.svg\" class=\"attachment-large size-large wp-image-3068\" alt=\"\" \/>\t\t\t\t\t\t\t\t\t\t\t\t\t\t\t<\/div>\n\t\t\t\t<\/div>\n\t\t\t\t<div class=\"elementor-element elementor-element-affb74d elementor-widget elementor-widget-text-editor\" data-id=\"affb74d\" data-element_type=\"widget\" data-e-type=\"widget\" data-widget_type=\"text-editor.default\">\n\t\t\t\t<div class=\"elementor-widget-container\">\n\t\t\t\t\t\t\t\t\t<p>Tornar enrere a servei<\/p>\n\t\t\t\t\t\t\t\t<\/div>\n\t\t\t\t<\/div>\n\t\t\t\t\t<\/div>\n\t\t\t\t<\/a>\n\t\t\t\t<div class=\"elementor-element elementor-element-0c478ff elementor-widget-divider--view-line elementor-widget elementor-widget-divider\" data-id=\"0c478ff\" data-element_type=\"widget\" data-e-type=\"widget\" data-widget_type=\"divider.default\">\n\t\t\t\t<div class=\"elementor-widget-container\">\n\t\t\t\t\t\t\t<div class=\"elementor-divider\">\n\t\t\t<span class=\"elementor-divider-separator\">\n\t\t\t\t\t\t<\/span>\n\t\t<\/div>\n\t\t\t\t\t\t<\/div>\n\t\t\t\t<\/div>\n\t\t\t\t<div class=\"elementor-element elementor-element-f9ea558 elementor-widget elementor-widget-text-editor\" data-id=\"f9ea558\" data-element_type=\"widget\" data-e-type=\"widget\" data-widget_type=\"text-editor.default\">\n\t\t\t\t<div class=\"elementor-widget-container\">\n\t\t\t\t\t\t\t\t\t<p><a href=\"https:\/\/solarcircle.es\/detalles-de-problemas-tecnicos\/\">Avaria<\/a><\/p>\n\t\t\t\t\t\t\t\t<\/div>\n\t\t\t\t<\/div>\n\t\t\t\t<div class=\"elementor-element elementor-element-7627460 elementor-widget elementor-widget-text-editor\" data-id=\"7627460\" data-element_type=\"widget\" data-e-type=\"widget\" data-widget_type=\"text-editor.default\">\n\t\t\t\t<div class=\"elementor-widget-container\">\n\t\t\t\t\t\t\t\t\t<p><a href=\"https:\/\/solarcircle.es\/detalles-de-monitoreo\/\">Monitoratge<\/a><\/p>\n\t\t\t\t\t\t\t\t<\/div>\n\t\t\t\t<\/div>\n\t\t\t\t<div class=\"elementor-element elementor-element-45a27ba elementor-widget elementor-widget-text-editor\" data-id=\"45a27ba\" data-element_type=\"widget\" data-e-type=\"widget\" data-widget_type=\"text-editor.default\">\n\t\t\t\t<div class=\"elementor-widget-container\">\n\t\t\t\t\t\t\t\t\t<p>App El meu SolarCircle<\/p>\n\t\t\t\t\t\t\t\t<\/div>\n\t\t\t\t<\/div>\n\t\t\t\t<div class=\"elementor-element elementor-element-5891b33 elementor-widget elementor-widget-text-editor\" data-id=\"5891b33\" data-element_type=\"widget\" data-e-type=\"widget\" data-widget_type=\"text-editor.default\">\n\t\t\t\t<div class=\"elementor-widget-container\">\n\t\t\t\t\t\t\t\t\t<p><a href=\"https:\/\/solarcircle.es\/detalles-de-rendimiento-y-mantenimiento\/\">Rendibilitat i manteniment<\/a><\/p>\n\t\t\t\t\t\t\t\t<\/div>\n\t\t\t\t<\/div>\n\t\t\t\t<div class=\"elementor-element elementor-element-5ca21e5 elementor-widget elementor-widget-text-editor\" data-id=\"5ca21e5\" data-element_type=\"widget\" data-e-type=\"widget\" data-widget_type=\"text-editor.default\">\n\t\t\t\t<div class=\"elementor-widget-container\">\n\t\t\t\t\t\t\t\t\t<p>No trobes la teva pregunta o problema a la llista?<\/p>\n\t\t\t\t\t\t\t\t<\/div>\n\t\t\t\t<\/div>\n\t\t\t\t<div class=\"elementor-element elementor-element-99af72f elementor-widget elementor-widget-button\" data-id=\"99af72f\" data-element_type=\"widget\" data-e-type=\"widget\" data-widget_type=\"button.default\">\n\t\t\t\t<div class=\"elementor-widget-container\">\n\t\t\t\t\t\t\t\t\t<div class=\"elementor-button-wrapper\">\n\t\t\t\t\t<a class=\"elementor-button elementor-button-link elementor-size-sm\" href=\"https:\/\/solarcircle.es\/ca\/contacte\/\" target=\"_blank\">\n\t\t\t\t\t\t<span class=\"elementor-button-content-wrapper\">\n\t\t\t\t\t\t<span class=\"elementor-button-icon\">\n\t\t\t\t<svg xmlns=\"http:\/\/www.w3.org\/2000\/svg\" width=\"24\" height=\"24\" viewBox=\"0 0 24 24\" fill=\"none\"><path d=\"M2 12L22 12\" stroke=\"#1F1F1F\" stroke-width=\"2.5\" stroke-linecap=\"round\" stroke-linejoin=\"round\"><\/path><path d=\"M15 5L22 12L15 19\" stroke=\"#1F1F1F\" stroke-width=\"2.5\" stroke-linecap=\"round\" stroke-linejoin=\"round\"><\/path><\/svg>\t\t\t<\/span>\n\t\t\t\t\t\t\t\t\t<span class=\"elementor-button-text\">Anar a contacte<\/span>\n\t\t\t\t\t<\/span>\n\t\t\t\t\t<\/a>\n\t\t\t\t<\/div>\n\t\t\t\t\t\t\t\t<\/div>\n\t\t\t\t<\/div>\n\t\t\t\t<\/div>\n\t\t<div class=\"elementor-element elementor-element-8afd1ae e-flex e-con-boxed e-con e-child\" data-id=\"8afd1ae\" data-element_type=\"container\" data-e-type=\"container\" data-settings=\"{&quot;jet_parallax_layout_list&quot;:[]}\">\n\t\t\t\t\t<div class=\"e-con-inner\">\n\t\t\t\t<div class=\"elementor-element elementor-element-8d76704 elementor-widget elementor-widget-text-editor\" data-id=\"8d76704\" data-element_type=\"widget\" data-e-type=\"widget\" data-widget_type=\"text-editor.default\">\n\t\t\t\t<div class=\"elementor-widget-container\">\n\t\t\t\t\t\t\t\t\t<p>App El meu SolarCircle<\/p>\n\t\t\t\t\t\t\t\t<\/div>\n\t\t\t\t<\/div>\n\t\t\t\t<div class=\"elementor-element elementor-element-12aee0a elementor-widget elementor-widget-accordion\" data-id=\"12aee0a\" data-element_type=\"widget\" data-e-type=\"widget\" id=\"faq-accordion\" data-widget_type=\"accordion.default\">\n\t\t\t\t<div class=\"elementor-widget-container\">\n\t\t\t\t\t\t\t<div class=\"elementor-accordion\">\n\t\t\t\t\t\t\t<div class=\"elementor-accordion-item\">\n\t\t\t\t\t<div id=\"elementor-tab-title-1951\" class=\"elementor-tab-title\" data-tab=\"1\" role=\"button\" aria-controls=\"elementor-tab-content-1951\" aria-expanded=\"false\">\n\t\t\t\t\t\t\t\t\t\t\t\t\t<span class=\"elementor-accordion-icon elementor-accordion-icon-right\" aria-hidden=\"true\">\n\t\t\t\t\t\t\t\t\t\t\t\t\t\t\t<span class=\"elementor-accordion-icon-closed\"><svg xmlns=\"http:\/\/www.w3.org\/2000\/svg\" width=\"24\" height=\"25\" viewBox=\"0 0 24 25\" fill=\"none\"><path d=\"M12 22.4551C17.5228 22.4551 22 17.9779 22 12.4551C22 6.93223 17.5228 2.45508 12 2.45508C6.47715 2.45508 2 6.93223 2 12.4551C2 17.9779 6.47715 22.4551 12 22.4551Z\" stroke=\"#1F1F1F\" stroke-width=\"2\" stroke-linecap=\"round\" stroke-linejoin=\"round\"><\/path><path d=\"M12 8.45508V16.4551\" stroke=\"#1F1F1F\" stroke-width=\"2\" stroke-linecap=\"round\" stroke-linejoin=\"round\"><\/path><path d=\"M8 12.4551H16\" stroke=\"#1F1F1F\" stroke-width=\"2\" stroke-linecap=\"round\" stroke-linejoin=\"round\"><\/path><\/svg><\/span>\n\t\t\t\t\t\t\t\t<span class=\"elementor-accordion-icon-opened\"><svg xmlns=\"http:\/\/www.w3.org\/2000\/svg\" width=\"24\" height=\"25\" viewBox=\"0 0 24 25\" fill=\"none\"><path d=\"M12 22.4551C17.5228 22.4551 22 17.9779 22 12.4551C22 6.93223 17.5228 2.45508 12 2.45508C6.47715 2.45508 2 6.93223 2 12.4551C2 17.9779 6.47715 22.4551 12 22.4551Z\" stroke=\"#1F1F1F\" stroke-width=\"2\" stroke-linecap=\"round\" stroke-linejoin=\"round\"><\/path><path d=\"M8 12.4551H16\" stroke=\"#1F1F1F\" stroke-width=\"2\" stroke-linecap=\"round\" stroke-linejoin=\"round\"><\/path><\/svg><\/span>\n\t\t\t\t\t\t\t\t\t\t\t\t\t\t<\/span>\n\t\t\t\t\t\t\t\t\t\t\t\t<a class=\"elementor-accordion-title\" tabindex=\"0\">Instal\u00b7lar l'app El meu SolarCircle al teu tel\u00e8fon m\u00f2bil<\/a>\n\t\t\t\t\t<\/div>\n\t\t\t\t\t<div id=\"elementor-tab-content-1951\" class=\"elementor-tab-content elementor-clearfix\" data-tab=\"1\" role=\"region\" aria-labelledby=\"elementor-tab-title-1951\"><p>A continuaci\u00f3 t&#8217;expliquem, pas a pas, el procediment per instal\u00b7lar l&#8217;aplicaci\u00f3 El meu SolarCircle en el teu smartphone.<\/p>\n<p><span style=\"text-decoration: underline;\">Pas 1:<\/span> Busca l&#8217;aplicaci\u00f3 en el teu navegador.<\/p>\n<p>Obre un navegador (com ara Safari o Google Chrome) i escriu la seg\u00fcent adre\u00e7a a la barra de cerca: mijn.solarcircle.es.<\/p>\n<p><span style=\"text-decoration: underline;\">Pas 2:<\/span> Pantalla d&#8217;Inici i Rendiment<\/p>\n<p><em>Per a iPhone<\/em>: Fes clic a la icona de la fletxa cap amunt situada a la part inferior de la pantalla. <\/p>\n<p><em>Per a tel\u00e8fons Android<\/em>: Fes clic a la icona que mostra un cercle amb una fletxa cap avall (veure imatge a la dreta).<\/p>\n<p><span style=\"text-decoration: underline;\">Pas 3<\/span>: Despla\u00e7a el cursor sobre l&#8217;opci\u00f3 &#8216;Afegir a la pantalla d&#8217;inici&#8217;.<\/p>\n<p>Per a iPhone: despla\u00e7a&#8217;t una mica cap avall i toca la icona amb el signe de suma o &#8216;Afegir a la pantalla d&#8217;inici&#8217;. <\/p>\n<p>Per a tel\u00e8fons Android: fes clic a &#8216;instal\u00b7lar app&#8217;<\/p>\n<p><span style=\"text-decoration: underline;\">Pas 4:<\/span> Fet!<\/p>\n<p>Ara est\u00e0 tot a punt! L&#8217;aplicaci\u00f3 El meu SolarCircle estar\u00e0 disponible a la pantalla d&#8217;inici del teu smartphone, podent accedir-hi amb facilitat en qualsevol moment.  <\/p>\n<\/div>\n\t\t\t\t<\/div>\n\t\t\t\t\t\t\t\t\t\t<script type=\"application\/ld+json\">{\"@context\":\"https:\\\/\\\/schema.org\",\"@type\":\"FAQPage\",\"mainEntity\":[{\"@type\":\"Question\",\"name\":\"Instal\\u00b7lar l'app El meu SolarCircle al teu tel\\u00e8fon m\\u00f2bil\",\"acceptedAnswer\":{\"@type\":\"Answer\",\"text\":\"<p>A continuaci\\u00f3 t&#8217;expliquem, pas a pas, el procediment per instal\\u00b7lar l&#8217;aplicaci\\u00f3 El meu SolarCircle en el teu smartphone.<\\\/p>\\n<p><span style=\\\"text-decoration: underline;\\\">Pas 1:<\\\/span> Busca l&#8217;aplicaci\\u00f3 en el teu navegador.<\\\/p>\\n<p>Obre un navegador (com ara Safari o Google Chrome) i escriu la seg\\u00fcent adre\\u00e7a a la barra de cerca: mijn.solarcircle.es.<\\\/p>\\n<p><span style=\\\"text-decoration: underline;\\\">Pas 2:<\\\/span> Pantalla d&#8217;Inici i Rendiment<\\\/p>\\n<p><em>Per a iPhone<\\\/em>: Fes clic a la icona de la fletxa cap amunt situada a la part inferior de la pantalla. <\\\/p>\\n<p><em>Per a tel\\u00e8fons Android<\\\/em>: Fes clic a la icona que mostra un cercle amb una fletxa cap avall (veure imatge a la dreta).<\\\/p>\\n<p><span style=\\\"text-decoration: underline;\\\">Pas 3<\\\/span>: Despla\\u00e7a el cursor sobre l&#8217;opci\\u00f3 &#8216;Afegir a la pantalla d&#8217;inici&#8217;.<\\\/p>\\n<p>Per a iPhone: despla\\u00e7a&#8217;t una mica cap avall i toca la icona amb el signe de suma o &#8216;Afegir a la pantalla d&#8217;inici&#8217;. <\\\/p>\\n<p>Per a tel\\u00e8fons Android: fes clic a &#8216;instal\\u00b7lar app&#8217;<\\\/p>\\n<p><span style=\\\"text-decoration: underline;\\\">Pas 4:<\\\/span> Fet!<\\\/p>\\n<p>Ara est\\u00e0 tot a punt! L&#8217;aplicaci\\u00f3 El meu SolarCircle estar\\u00e0 disponible a la pantalla d&#8217;inici del teu smartphone, podent accedir-hi amb facilitat en qualsevol moment.  <\\\/p>\\n\"}}]}<\/script>\n\t\t\t\t\t<\/div>\n\t\t\t\t\t\t<\/div>\n\t\t\t\t<\/div>\n\t\t\t\t\t<\/div>\n\t\t\t\t<\/div>\n\t\t\t\t\t<\/div>\n\t\t\t\t<\/div>\n\t\t\t\t<\/div>\n\t\t","protected":false},"excerpt":{"rendered":"<p>Tornar enrere a servei Avaria Monitoratge App El meu SolarCircle Rendibilitat i manteniment No trobes la teva pregunta o problema a la llista? Anar a contacte App El meu SolarCircle Instal\u00b7lar l&#8217;app El meu SolarCircle al teu tel\u00e8fon m\u00f2bil A continuaci\u00f3 t&#8217;expliquem, pas a pas, el procediment per instal\u00b7lar l&#8217;aplicaci\u00f3 El meu SolarCircle en el [&hellip;]<\/p>\n","protected":false},"author":1,"featured_media":0,"parent":0,"menu_order":0,"comment_status":"closed","ping_status":"closed","template":"elementor_header_footer","meta":{"footnotes":""},"class_list":["post-5318","page","type-page","status-publish","hentry"],"yoast_head":"<!-- This site is optimized with the Yoast SEO plugin v27.4 - https:\/\/yoast.com\/product\/yoast-seo-wordpress\/ -->\n<title>Detalls de l&#039;aplicaci\u00f3 Zekerzon - Solar Circle<\/title>\n<meta name=\"robots\" content=\"index, follow, max-snippet:-1, max-image-preview:large, max-video-preview:-1\" \/>\n<link rel=\"canonical\" href=\"https:\/\/solarcircle.es\/ca\/detalls-de-laplicacio-zekerzon\/\" \/>\n<meta property=\"og:locale\" content=\"ca_ES\" \/>\n<meta property=\"og:type\" content=\"article\" \/>\n<meta property=\"og:title\" content=\"Detalls de l&#039;aplicaci\u00f3 Zekerzon - Solar Circle\" \/>\n<meta property=\"og:description\" content=\"Tornar enrere a servei Avaria Monitoratge App El meu SolarCircle Rendibilitat i manteniment No trobes la teva pregunta o problema a la llista? Anar a contacte App El meu SolarCircle Instal\u00b7lar l&#8217;app El meu SolarCircle al teu tel\u00e8fon m\u00f2bil A continuaci\u00f3 t&#8217;expliquem, pas a pas, el procediment per instal\u00b7lar l&#8217;aplicaci\u00f3 El meu SolarCircle en el [&hellip;]\" \/>\n<meta property=\"og:url\" content=\"https:\/\/solarcircle.es\/ca\/detalls-de-laplicacio-zekerzon\/\" \/>\n<meta property=\"og:site_name\" content=\"Solar Circle\" \/>\n<meta property=\"article:modified_time\" content=\"2024-11-13T10:53:33+00:00\" \/>\n<meta property=\"og:image\" content=\"https:\/\/solarcircle.es\/wp-content\/uploads\/2024\/01\/Future-Ready-Design-Day-1-Low-Res-1.jpg\" \/>\n\t<meta property=\"og:image:width\" content=\"1800\" \/>\n\t<meta property=\"og:image:height\" content=\"1200\" \/>\n\t<meta property=\"og:image:type\" content=\"image\/jpeg\" \/>\n<meta name=\"twitter:card\" content=\"summary_large_image\" \/>\n<meta name=\"twitter:label1\" content=\"Temps estimat de lectura\" \/>\n\t<meta name=\"twitter:data1\" content=\"1 minut\" \/>\n<script type=\"application\/ld+json\" class=\"yoast-schema-graph\">{\"@context\":\"https:\\\/\\\/schema.org\",\"@graph\":[{\"@type\":\"WebPage\",\"@id\":\"https:\\\/\\\/solarcircle.es\\\/ca\\\/detalls-de-laplicacio-zekerzon\\\/\",\"url\":\"https:\\\/\\\/solarcircle.es\\\/ca\\\/detalls-de-laplicacio-zekerzon\\\/\",\"name\":\"Detalls de l'aplicaci\u00f3 Zekerzon - Solar Circle\",\"isPartOf\":{\"@id\":\"https:\\\/\\\/solarcircle.es\\\/#website\"},\"primaryImageOfPage\":{\"@id\":\"https:\\\/\\\/solarcircle.es\\\/ca\\\/detalls-de-laplicacio-zekerzon\\\/#primaryimage\"},\"image\":{\"@id\":\"https:\\\/\\\/solarcircle.es\\\/ca\\\/detalls-de-laplicacio-zekerzon\\\/#primaryimage\"},\"thumbnailUrl\":\"https:\\\/\\\/solarcircle.es\\\/wp-content\\\/uploads\\\/2024\\\/01\\\/Future-Ready-Design-Day-1-Low-Res-1-1024x683.jpg\",\"datePublished\":\"2024-02-09T13:20:39+00:00\",\"dateModified\":\"2024-11-13T10:53:33+00:00\",\"breadcrumb\":{\"@id\":\"https:\\\/\\\/solarcircle.es\\\/ca\\\/detalls-de-laplicacio-zekerzon\\\/#breadcrumb\"},\"inLanguage\":\"ca\",\"potentialAction\":[{\"@type\":\"ReadAction\",\"target\":[\"https:\\\/\\\/solarcircle.es\\\/ca\\\/detalls-de-laplicacio-zekerzon\\\/\"]}]},{\"@type\":\"ImageObject\",\"inLanguage\":\"ca\",\"@id\":\"https:\\\/\\\/solarcircle.es\\\/ca\\\/detalls-de-laplicacio-zekerzon\\\/#primaryimage\",\"url\":\"https:\\\/\\\/solarcircle.es\\\/wp-content\\\/uploads\\\/2024\\\/01\\\/Future-Ready-Design-Day-1-Low-Res-1-1024x683.jpg\",\"contentUrl\":\"https:\\\/\\\/solarcircle.es\\\/wp-content\\\/uploads\\\/2024\\\/01\\\/Future-Ready-Design-Day-1-Low-Res-1-1024x683.jpg\"},{\"@type\":\"BreadcrumbList\",\"@id\":\"https:\\\/\\\/solarcircle.es\\\/ca\\\/detalls-de-laplicacio-zekerzon\\\/#breadcrumb\",\"itemListElement\":[{\"@type\":\"ListItem\",\"position\":1,\"name\":\"Home\",\"item\":\"https:\\\/\\\/solarcircle.es\\\/ca\\\/pagina-dinici\\\/\"},{\"@type\":\"ListItem\",\"position\":2,\"name\":\"Detalls de l&#8217;aplicaci\u00f3 Zekerzon\"}]},{\"@type\":\"WebSite\",\"@id\":\"https:\\\/\\\/solarcircle.es\\\/#website\",\"url\":\"https:\\\/\\\/solarcircle.es\\\/\",\"name\":\"Solar Circle\",\"description\":\"Estalvia de manera r\u00e0pida i senzilla amb panells solars\",\"publisher\":{\"@id\":\"https:\\\/\\\/solarcircle.es\\\/#organization\"},\"potentialAction\":[{\"@type\":\"SearchAction\",\"target\":{\"@type\":\"EntryPoint\",\"urlTemplate\":\"https:\\\/\\\/solarcircle.es\\\/?s={search_term_string}\"},\"query-input\":{\"@type\":\"PropertyValueSpecification\",\"valueRequired\":true,\"valueName\":\"search_term_string\"}}],\"inLanguage\":\"ca\"},{\"@type\":\"Organization\",\"@id\":\"https:\\\/\\\/solarcircle.es\\\/#organization\",\"name\":\"Solar Circle\",\"url\":\"https:\\\/\\\/solarcircle.es\\\/\",\"logo\":{\"@type\":\"ImageObject\",\"inLanguage\":\"ca\",\"@id\":\"https:\\\/\\\/solarcircle.es\\\/#\\\/schema\\\/logo\\\/image\\\/\",\"url\":\"https:\\\/\\\/solarcircle.es\\\/wp-content\\\/uploads\\\/2024\\\/01\\\/SolarCircle-Logo-donker.svg\",\"contentUrl\":\"https:\\\/\\\/solarcircle.es\\\/wp-content\\\/uploads\\\/2024\\\/01\\\/SolarCircle-Logo-donker.svg\",\"width\":289,\"height\":155,\"caption\":\"Solar Circle\"},\"image\":{\"@id\":\"https:\\\/\\\/solarcircle.es\\\/#\\\/schema\\\/logo\\\/image\\\/\"}}]}<\/script>\n<!-- \/ Yoast SEO plugin. -->","yoast_head_json":{"title":"Detalls de l'aplicaci\u00f3 Zekerzon - Solar Circle","robots":{"index":"index","follow":"follow","max-snippet":"max-snippet:-1","max-image-preview":"max-image-preview:large","max-video-preview":"max-video-preview:-1"},"canonical":"https:\/\/solarcircle.es\/ca\/detalls-de-laplicacio-zekerzon\/","og_locale":"ca_ES","og_type":"article","og_title":"Detalls de l'aplicaci\u00f3 Zekerzon - Solar Circle","og_description":"Tornar enrere a servei Avaria Monitoratge App El meu SolarCircle Rendibilitat i manteniment No trobes la teva pregunta o problema a la llista? Anar a contacte App El meu SolarCircle Instal\u00b7lar l&#8217;app El meu SolarCircle al teu tel\u00e8fon m\u00f2bil A continuaci\u00f3 t&#8217;expliquem, pas a pas, el procediment per instal\u00b7lar l&#8217;aplicaci\u00f3 El meu SolarCircle en el [&hellip;]","og_url":"https:\/\/solarcircle.es\/ca\/detalls-de-laplicacio-zekerzon\/","og_site_name":"Solar Circle","article_modified_time":"2024-11-13T10:53:33+00:00","og_image":[{"width":1800,"height":1200,"url":"https:\/\/solarcircle.es\/wp-content\/uploads\/2024\/01\/Future-Ready-Design-Day-1-Low-Res-1.jpg","type":"image\/jpeg"}],"twitter_card":"summary_large_image","twitter_misc":{"Temps estimat de lectura":"1 minut"},"schema":{"@context":"https:\/\/schema.org","@graph":[{"@type":"WebPage","@id":"https:\/\/solarcircle.es\/ca\/detalls-de-laplicacio-zekerzon\/","url":"https:\/\/solarcircle.es\/ca\/detalls-de-laplicacio-zekerzon\/","name":"Detalls de l'aplicaci\u00f3 Zekerzon - Solar Circle","isPartOf":{"@id":"https:\/\/solarcircle.es\/#website"},"primaryImageOfPage":{"@id":"https:\/\/solarcircle.es\/ca\/detalls-de-laplicacio-zekerzon\/#primaryimage"},"image":{"@id":"https:\/\/solarcircle.es\/ca\/detalls-de-laplicacio-zekerzon\/#primaryimage"},"thumbnailUrl":"https:\/\/solarcircle.es\/wp-content\/uploads\/2024\/01\/Future-Ready-Design-Day-1-Low-Res-1-1024x683.jpg","datePublished":"2024-02-09T13:20:39+00:00","dateModified":"2024-11-13T10:53:33+00:00","breadcrumb":{"@id":"https:\/\/solarcircle.es\/ca\/detalls-de-laplicacio-zekerzon\/#breadcrumb"},"inLanguage":"ca","potentialAction":[{"@type":"ReadAction","target":["https:\/\/solarcircle.es\/ca\/detalls-de-laplicacio-zekerzon\/"]}]},{"@type":"ImageObject","inLanguage":"ca","@id":"https:\/\/solarcircle.es\/ca\/detalls-de-laplicacio-zekerzon\/#primaryimage","url":"https:\/\/solarcircle.es\/wp-content\/uploads\/2024\/01\/Future-Ready-Design-Day-1-Low-Res-1-1024x683.jpg","contentUrl":"https:\/\/solarcircle.es\/wp-content\/uploads\/2024\/01\/Future-Ready-Design-Day-1-Low-Res-1-1024x683.jpg"},{"@type":"BreadcrumbList","@id":"https:\/\/solarcircle.es\/ca\/detalls-de-laplicacio-zekerzon\/#breadcrumb","itemListElement":[{"@type":"ListItem","position":1,"name":"Home","item":"https:\/\/solarcircle.es\/ca\/pagina-dinici\/"},{"@type":"ListItem","position":2,"name":"Detalls de l&#8217;aplicaci\u00f3 Zekerzon"}]},{"@type":"WebSite","@id":"https:\/\/solarcircle.es\/#website","url":"https:\/\/solarcircle.es\/","name":"Solar Circle","description":"Estalvia de manera r\u00e0pida i senzilla amb panells solars","publisher":{"@id":"https:\/\/solarcircle.es\/#organization"},"potentialAction":[{"@type":"SearchAction","target":{"@type":"EntryPoint","urlTemplate":"https:\/\/solarcircle.es\/?s={search_term_string}"},"query-input":{"@type":"PropertyValueSpecification","valueRequired":true,"valueName":"search_term_string"}}],"inLanguage":"ca"},{"@type":"Organization","@id":"https:\/\/solarcircle.es\/#organization","name":"Solar Circle","url":"https:\/\/solarcircle.es\/","logo":{"@type":"ImageObject","inLanguage":"ca","@id":"https:\/\/solarcircle.es\/#\/schema\/logo\/image\/","url":"https:\/\/solarcircle.es\/wp-content\/uploads\/2024\/01\/SolarCircle-Logo-donker.svg","contentUrl":"https:\/\/solarcircle.es\/wp-content\/uploads\/2024\/01\/SolarCircle-Logo-donker.svg","width":289,"height":155,"caption":"Solar Circle"},"image":{"@id":"https:\/\/solarcircle.es\/#\/schema\/logo\/image\/"}}]}},"_links":{"self":[{"href":"https:\/\/solarcircle.es\/ca\/wp-json\/wp\/v2\/pages\/5318","targetHints":{"allow":["GET"]}}],"collection":[{"href":"https:\/\/solarcircle.es\/ca\/wp-json\/wp\/v2\/pages"}],"about":[{"href":"https:\/\/solarcircle.es\/ca\/wp-json\/wp\/v2\/types\/page"}],"author":[{"embeddable":true,"href":"https:\/\/solarcircle.es\/ca\/wp-json\/wp\/v2\/users\/1"}],"replies":[{"embeddable":true,"href":"https:\/\/solarcircle.es\/ca\/wp-json\/wp\/v2\/comments?post=5318"}],"version-history":[{"count":5,"href":"https:\/\/solarcircle.es\/ca\/wp-json\/wp\/v2\/pages\/5318\/revisions"}],"predecessor-version":[{"id":5364,"href":"https:\/\/solarcircle.es\/ca\/wp-json\/wp\/v2\/pages\/5318\/revisions\/5364"}],"wp:attachment":[{"href":"https:\/\/solarcircle.es\/ca\/wp-json\/wp\/v2\/media?parent=5318"}],"curies":[{"name":"wp","href":"https:\/\/api.w.org\/{rel}","templated":true}]}}