{"id":5310,"date":"2024-03-12T09:07:51","date_gmt":"2024-03-12T09:07:51","guid":{"rendered":"https:\/\/solarcircle.es\/declaracio-de-privacitat\/"},"modified":"2024-11-13T09:59:12","modified_gmt":"2024-11-13T09:59:12","slug":"declaracio-de-privacitat","status":"publish","type":"page","link":"https:\/\/solarcircle.es\/ca\/declaracio-de-privacitat\/","title":{"rendered":"Declaraci\u00f3 de privacitat"},"content":{"rendered":"\t\t<div data-elementor-type=\"wp-page\" data-elementor-id=\"5310\" class=\"elementor elementor-5310 elementor-4239\" data-elementor-post-type=\"page\">\n\t\t\t\t<div class=\"elementor-element elementor-element-5e4cc8c algemene-voorwaarden e-flex e-con-boxed e-con e-parent\" data-id=\"5e4cc8c\" data-element_type=\"container\" data-e-type=\"container\" data-settings=\"{&quot;jet_parallax_layout_list&quot;:[]}\">\n\t\t\t\t\t<div class=\"e-con-inner\">\n\t\t\t\t<div class=\"elementor-element elementor-element-c835adc elementor-widget elementor-widget-heading\" data-id=\"c835adc\" data-element_type=\"widget\" data-e-type=\"widget\" data-widget_type=\"heading.default\">\n\t\t\t\t<div class=\"elementor-widget-container\">\n\t\t\t\t\t<h2 class=\"elementor-heading-title elementor-size-default\">Declaraci\u00f3 de privacitat<\/h2>\t\t\t\t<\/div>\n\t\t\t\t<\/div>\n\t\t\t\t<div class=\"elementor-element elementor-element-73280c1 elementor-widget elementor-widget-text-editor\" data-id=\"73280c1\" data-element_type=\"widget\" data-e-type=\"widget\" data-widget_type=\"text-editor.default\">\n\t\t\t\t<div class=\"elementor-widget-container\">\n\t\t\t\t\t\t\t\t\t<h3><strong>Quina informaci\u00f3 guardem i com la utilitzem?<\/strong><\/h3>\n<p>Si sol\u00b7licites una cotitzaci\u00f3 o assessoria, et demanarem que ens proporcionis algunes dades complement\u00e0ries: a m\u00e9s del teu nom, et demanarem la teva adre\u00e7a i n\u00famero de tel\u00e8fon. Aquesta informaci\u00f3 s&#8217;emmagatzemar\u00e0 en el nostre sistema com a part del teu compte.  <\/p>\n<p>Utilitzem la informaci\u00f3 de la teva adre\u00e7a per avaluar, mitjan\u00e7ant imatges satel\u00b7lit\u00e0ries de Google Earth i SolarMonkey, si la teva teulada \u00e9s adequada per a la instal\u00b7laci\u00f3 de panells solars, aix\u00ed com per identificar l&#8217;assessor m\u00e9s proper a la teva ubicaci\u00f3. <\/p>\n<p>Si t&#8217;ha visitat un inspector per a una inspecci\u00f3 t\u00e8cnica, segurament haur\u00e0 fet fotografies de la teva llar, especialment de la teulada on s&#8217;instal\u00b7laran els panells solars, aix\u00ed com del lloc destinat per a l&#8217;inversor, la caixa de fusibles, i el recorregut previst del cable des de la caixa de fusibles, passant per l&#8217;inversor, fins al sostre. Aquestes fotos s&#8217;afegiran al teu compte.  <\/p>\n<p>Si finalment decideixes que nosaltres realitzem la instal\u00b7laci\u00f3, al teu compte s&#8217;hi afegiran el contracte de compra signat, el formulari de lliurament signat i totes les fotografies del sistema.<\/p>\n<p>Despr\u00e9s del lliurament i el pagament, t&#8217;enviarem un correu electr\u00f2nic per sol\u00b7licitar la teva avaluaci\u00f3. De manera ocasional (no m\u00e9s d&#8217;una o dues vegades a l&#8217;any), enviem correus amb promocions exclusives a tots els nostres comptes. Si prefereixes no rebre aquests missatges, fes-nos-ho saber, i marcarem el teu compte amb l&#8217;opci\u00f3 &#8216;no enviar correus electr\u00f2nics&#8217;, eliminant la teva adre\u00e7a de la nostra llista d&#8217;enviaments.   <\/p>\n<h3><strong>Monitoratge en l\u00ednia<\/strong><\/h3>\n<p>Si el teu sistema d&#8217;energia solar est\u00e0 connectat al monitoratge en l\u00ednia, podr\u00e0s veure des del teu ordinador, tauleta o tel\u00e8fon intel\u00b7ligent l&#8217;energia generada pels teus panells solars a trav\u00e9s d&#8217;internet. Aquest servei utilitza el servidor del fabricant de l&#8217;inversor. Les dades compartides amb aquests servidors inclouen la ubicaci\u00f3 dels panells solars (la teva adre\u00e7a) i la informaci\u00f3 sobre la generaci\u00f3 d&#8217;energia dels teus panells (la quantitat d&#8217;energia produ\u00efda). Aquestes dades estan subjectes a la pol\u00edtica de privacitat del fabricant de l&#8217;inversor.    <\/p>\n<p>Per als clients amb inversors SMA, la declaraci\u00f3 de privacitat es pot trobar <a href=\"https:\/\/www.sunnyportal.com\/Templates\/Content.aspx?ContentTitleId=DataProtectionDeclaration_title&amp;ContentId=touDocKey_DataPrivacy\">aqu\u00ed<\/a>, per als clients amb inversors SolarEdge, est\u00e0 disponible <a href=\"https:\/\/www.solaredge.com\/privacy-policy\">aqu\u00ed<\/a> i per als clients amb inversors ZeverSolar, pots consultar-la <a href=\"https:\/\/www.zeversolar.com\/privacy\/\">aqu\u00ed<\/a>. Per a consultes sobre d&#8217;altres marques, posa&#8217;t en contacte amb el nostre departament de servei.  <\/p>\n<h3><strong>Eliminaci\u00f3, modificaci\u00f3 o recuperaci\u00f3 de les teves dades.<\/strong><\/h3>\n<p>Si desitges que eliminem permanentment el teu compte, si us plau, fes-nos-ho saber per correu electr\u00f2nic. En fer-ho, estarem obligats a esborrar totes les teves dades del nostre sistema per complet. Pots escriure&#8217;ns a: <strong><a href=\"mailto:wismijndata@zonnefabrtiek.nl\">wismijndata@zonnefabriek.nl<\/a><\/strong><br \/>Atenci\u00f3! Sol\u00b7licita l&#8217;eliminaci\u00f3 nom\u00e9s despr\u00e9s d&#8217;haver completat la instal\u00b7laci\u00f3 dels panells solars amb nosaltres! Si en el futur necessites realitzar manteniment o reparacions al teu sistema, ja sigui amb nosaltres o amb un altre prove\u00efdor, \u00e9s important que mantinguem les teves dades en el sistema per accedir f\u00e0cilment a tota la informaci\u00f3 necess\u00e0ria i les garanties del producte.    <\/p>\n<p>Si desitges con\u00e8ixer les dades que hem emmagatzemat sobre tu, envia&#8217;ns un correu electr\u00f2nic a <a href=\"mailto:service@zonnefabriek.nl\"><strong>service@zonnefabriek.nl<\/strong><\/a>. Estem obligats a enviar-te aquesta informaci\u00f3.<\/p>\n<p>Tamb\u00e9 pots enviar la modificaci\u00f3 de les teves dades a <strong><a href=\"mailto:service@zonnefabriek.nl\">service@zonnefabriek.nl<\/a><\/strong><\/p>\n\t\t\t\t\t\t\t\t<\/div>\n\t\t\t\t<\/div>\n\t\t\t\t\t<\/div>\n\t\t\t\t<\/div>\n\t\t\t\t<\/div>\n\t\t","protected":false},"excerpt":{"rendered":"<p>Declaraci\u00f3 de privacitat Quina informaci\u00f3 guardem i com la utilitzem? Si sol\u00b7licites una cotitzaci\u00f3 o assessoria, et demanarem que ens proporcionis algunes dades complement\u00e0ries: a m\u00e9s del teu nom, et demanarem la teva adre\u00e7a i n\u00famero de tel\u00e8fon. Aquesta informaci\u00f3 s&#8217;emmagatzemar\u00e0 en el nostre sistema com a part del teu compte. Utilitzem la informaci\u00f3 de [&hellip;]<\/p>\n","protected":false},"author":1,"featured_media":0,"parent":0,"menu_order":0,"comment_status":"closed","ping_status":"closed","template":"","meta":{"footnotes":""},"class_list":["post-5310","page","type-page","status-publish","hentry"],"yoast_head":"<!-- This site is optimized with the Yoast SEO plugin v27.4 - https:\/\/yoast.com\/product\/yoast-seo-wordpress\/ -->\n<title>Declaraci\u00f3 de privacitat - Solar Circle<\/title>\n<meta name=\"robots\" content=\"index, follow, max-snippet:-1, max-image-preview:large, max-video-preview:-1\" \/>\n<link rel=\"canonical\" href=\"https:\/\/solarcircle.es\/ca\/declaracio-de-privacitat\/\" \/>\n<meta property=\"og:locale\" content=\"ca_ES\" \/>\n<meta property=\"og:type\" content=\"article\" \/>\n<meta property=\"og:title\" content=\"Declaraci\u00f3 de privacitat - Solar Circle\" \/>\n<meta property=\"og:description\" content=\"Declaraci\u00f3 de privacitat Quina informaci\u00f3 guardem i com la utilitzem? Si sol\u00b7licites una cotitzaci\u00f3 o assessoria, et demanarem que ens proporcionis algunes dades complement\u00e0ries: a m\u00e9s del teu nom, et demanarem la teva adre\u00e7a i n\u00famero de tel\u00e8fon. Aquesta informaci\u00f3 s&#8217;emmagatzemar\u00e0 en el nostre sistema com a part del teu compte. Utilitzem la informaci\u00f3 de [&hellip;]\" \/>\n<meta property=\"og:url\" content=\"https:\/\/solarcircle.es\/ca\/declaracio-de-privacitat\/\" \/>\n<meta property=\"og:site_name\" content=\"Solar Circle\" \/>\n<meta property=\"article:modified_time\" content=\"2024-11-13T09:59:12+00:00\" \/>\n<meta name=\"twitter:card\" content=\"summary_large_image\" \/>\n<meta name=\"twitter:label1\" content=\"Temps estimat de lectura\" \/>\n\t<meta name=\"twitter:data1\" content=\"3 minuts\" \/>\n<script type=\"application\/ld+json\" class=\"yoast-schema-graph\">{\"@context\":\"https:\\\/\\\/schema.org\",\"@graph\":[{\"@type\":\"WebPage\",\"@id\":\"https:\\\/\\\/solarcircle.es\\\/ca\\\/declaracio-de-privacitat\\\/\",\"url\":\"https:\\\/\\\/solarcircle.es\\\/ca\\\/declaracio-de-privacitat\\\/\",\"name\":\"Declaraci\u00f3 de privacitat - Solar Circle\",\"isPartOf\":{\"@id\":\"https:\\\/\\\/solarcircle.es\\\/#website\"},\"datePublished\":\"2024-03-12T09:07:51+00:00\",\"dateModified\":\"2024-11-13T09:59:12+00:00\",\"breadcrumb\":{\"@id\":\"https:\\\/\\\/solarcircle.es\\\/ca\\\/declaracio-de-privacitat\\\/#breadcrumb\"},\"inLanguage\":\"ca\",\"potentialAction\":[{\"@type\":\"ReadAction\",\"target\":[\"https:\\\/\\\/solarcircle.es\\\/ca\\\/declaracio-de-privacitat\\\/\"]}]},{\"@type\":\"BreadcrumbList\",\"@id\":\"https:\\\/\\\/solarcircle.es\\\/ca\\\/declaracio-de-privacitat\\\/#breadcrumb\",\"itemListElement\":[{\"@type\":\"ListItem\",\"position\":1,\"name\":\"Home\",\"item\":\"https:\\\/\\\/solarcircle.es\\\/ca\\\/pagina-dinici\\\/\"},{\"@type\":\"ListItem\",\"position\":2,\"name\":\"Declaraci\u00f3 de privacitat\"}]},{\"@type\":\"WebSite\",\"@id\":\"https:\\\/\\\/solarcircle.es\\\/#website\",\"url\":\"https:\\\/\\\/solarcircle.es\\\/\",\"name\":\"Solar Circle\",\"description\":\"Estalvia de manera r\u00e0pida i senzilla amb panells solars\",\"publisher\":{\"@id\":\"https:\\\/\\\/solarcircle.es\\\/#organization\"},\"potentialAction\":[{\"@type\":\"SearchAction\",\"target\":{\"@type\":\"EntryPoint\",\"urlTemplate\":\"https:\\\/\\\/solarcircle.es\\\/?s={search_term_string}\"},\"query-input\":{\"@type\":\"PropertyValueSpecification\",\"valueRequired\":true,\"valueName\":\"search_term_string\"}}],\"inLanguage\":\"ca\"},{\"@type\":\"Organization\",\"@id\":\"https:\\\/\\\/solarcircle.es\\\/#organization\",\"name\":\"Solar Circle\",\"url\":\"https:\\\/\\\/solarcircle.es\\\/\",\"logo\":{\"@type\":\"ImageObject\",\"inLanguage\":\"ca\",\"@id\":\"https:\\\/\\\/solarcircle.es\\\/#\\\/schema\\\/logo\\\/image\\\/\",\"url\":\"https:\\\/\\\/solarcircle.es\\\/wp-content\\\/uploads\\\/2024\\\/01\\\/SolarCircle-Logo-donker.svg\",\"contentUrl\":\"https:\\\/\\\/solarcircle.es\\\/wp-content\\\/uploads\\\/2024\\\/01\\\/SolarCircle-Logo-donker.svg\",\"width\":289,\"height\":155,\"caption\":\"Solar Circle\"},\"image\":{\"@id\":\"https:\\\/\\\/solarcircle.es\\\/#\\\/schema\\\/logo\\\/image\\\/\"}}]}<\/script>\n<!-- \/ Yoast SEO plugin. -->","yoast_head_json":{"title":"Declaraci\u00f3 de privacitat - Solar Circle","robots":{"index":"index","follow":"follow","max-snippet":"max-snippet:-1","max-image-preview":"max-image-preview:large","max-video-preview":"max-video-preview:-1"},"canonical":"https:\/\/solarcircle.es\/ca\/declaracio-de-privacitat\/","og_locale":"ca_ES","og_type":"article","og_title":"Declaraci\u00f3 de privacitat - Solar Circle","og_description":"Declaraci\u00f3 de privacitat Quina informaci\u00f3 guardem i com la utilitzem? Si sol\u00b7licites una cotitzaci\u00f3 o assessoria, et demanarem que ens proporcionis algunes dades complement\u00e0ries: a m\u00e9s del teu nom, et demanarem la teva adre\u00e7a i n\u00famero de tel\u00e8fon. Aquesta informaci\u00f3 s&#8217;emmagatzemar\u00e0 en el nostre sistema com a part del teu compte. Utilitzem la informaci\u00f3 de [&hellip;]","og_url":"https:\/\/solarcircle.es\/ca\/declaracio-de-privacitat\/","og_site_name":"Solar Circle","article_modified_time":"2024-11-13T09:59:12+00:00","twitter_card":"summary_large_image","twitter_misc":{"Temps estimat de lectura":"3 minuts"},"schema":{"@context":"https:\/\/schema.org","@graph":[{"@type":"WebPage","@id":"https:\/\/solarcircle.es\/ca\/declaracio-de-privacitat\/","url":"https:\/\/solarcircle.es\/ca\/declaracio-de-privacitat\/","name":"Declaraci\u00f3 de privacitat - Solar Circle","isPartOf":{"@id":"https:\/\/solarcircle.es\/#website"},"datePublished":"2024-03-12T09:07:51+00:00","dateModified":"2024-11-13T09:59:12+00:00","breadcrumb":{"@id":"https:\/\/solarcircle.es\/ca\/declaracio-de-privacitat\/#breadcrumb"},"inLanguage":"ca","potentialAction":[{"@type":"ReadAction","target":["https:\/\/solarcircle.es\/ca\/declaracio-de-privacitat\/"]}]},{"@type":"BreadcrumbList","@id":"https:\/\/solarcircle.es\/ca\/declaracio-de-privacitat\/#breadcrumb","itemListElement":[{"@type":"ListItem","position":1,"name":"Home","item":"https:\/\/solarcircle.es\/ca\/pagina-dinici\/"},{"@type":"ListItem","position":2,"name":"Declaraci\u00f3 de privacitat"}]},{"@type":"WebSite","@id":"https:\/\/solarcircle.es\/#website","url":"https:\/\/solarcircle.es\/","name":"Solar Circle","description":"Estalvia de manera r\u00e0pida i senzilla amb panells solars","publisher":{"@id":"https:\/\/solarcircle.es\/#organization"},"potentialAction":[{"@type":"SearchAction","target":{"@type":"EntryPoint","urlTemplate":"https:\/\/solarcircle.es\/?s={search_term_string}"},"query-input":{"@type":"PropertyValueSpecification","valueRequired":true,"valueName":"search_term_string"}}],"inLanguage":"ca"},{"@type":"Organization","@id":"https:\/\/solarcircle.es\/#organization","name":"Solar Circle","url":"https:\/\/solarcircle.es\/","logo":{"@type":"ImageObject","inLanguage":"ca","@id":"https:\/\/solarcircle.es\/#\/schema\/logo\/image\/","url":"https:\/\/solarcircle.es\/wp-content\/uploads\/2024\/01\/SolarCircle-Logo-donker.svg","contentUrl":"https:\/\/solarcircle.es\/wp-content\/uploads\/2024\/01\/SolarCircle-Logo-donker.svg","width":289,"height":155,"caption":"Solar Circle"},"image":{"@id":"https:\/\/solarcircle.es\/#\/schema\/logo\/image\/"}}]}},"_links":{"self":[{"href":"https:\/\/solarcircle.es\/ca\/wp-json\/wp\/v2\/pages\/5310","targetHints":{"allow":["GET"]}}],"collection":[{"href":"https:\/\/solarcircle.es\/ca\/wp-json\/wp\/v2\/pages"}],"about":[{"href":"https:\/\/solarcircle.es\/ca\/wp-json\/wp\/v2\/types\/page"}],"author":[{"embeddable":true,"href":"https:\/\/solarcircle.es\/ca\/wp-json\/wp\/v2\/users\/1"}],"replies":[{"embeddable":true,"href":"https:\/\/solarcircle.es\/ca\/wp-json\/wp\/v2\/comments?post=5310"}],"version-history":[{"count":3,"href":"https:\/\/solarcircle.es\/ca\/wp-json\/wp\/v2\/pages\/5310\/revisions"}],"predecessor-version":[{"id":5358,"href":"https:\/\/solarcircle.es\/ca\/wp-json\/wp\/v2\/pages\/5310\/revisions\/5358"}],"wp:attachment":[{"href":"https:\/\/solarcircle.es\/ca\/wp-json\/wp\/v2\/media?parent=5310"}],"curies":[{"name":"wp","href":"https:\/\/api.w.org\/{rel}","templated":true}]}}